{"id":473,"date":"2025-05-08T18:13:08","date_gmt":"2025-05-08T18:13:08","guid":{"rendered":"https:\/\/fortyplusone.at\/?page_id=473"},"modified":"2026-02-24T17:41:52","modified_gmt":"2026-02-24T17:41:52","slug":"impressum","status":"publish","type":"page","link":"https:\/\/fortyplusone.at\/de\/impressum\/","title":{"rendered":"Impressum"},"content":{"rendered":"<div data-elementor-type=\"wp-page\" data-elementor-id=\"473\" class=\"elementor elementor-473\" data-elementor-post-type=\"page\">\n\t\t\t\t<div class=\"elementor-element elementor-element-33ce0ee5 e-flex e-con-boxed e-con e-parent\" data-id=\"33ce0ee5\" data-element_type=\"container\">\n\t\t\t\t\t<div class=\"e-con-inner\">\n\t\t\t\t<div class=\"elementor-element elementor-element-1047837b elementor-widget elementor-widget-text-editor\" data-id=\"1047837b\" data-element_type=\"widget\" data-widget_type=\"text-editor.default\">\n\t\t\t\t<div class=\"elementor-widget-container\">\n\t\t\t\t\t\t\t\t\t\n<p><b>IMPRESSUM<\/b><\/p>\n<p><span style=\"font-weight: 400;\">Legal Notice pursuant to \u00a75 ECG, \u00a714 UGB, \u00a763 GewO<\/span><\/p>\n<p><span style=\"font-weight: 400;\">and Disclosure Obligation pursuant to \u00a725 Media Act<\/span><\/p>\n<p><i><span style=\"font-weight: 400;\">Last updated: February 2026<\/span><\/i><\/p>\n<h1><b>1. Company Information<\/b><\/h1>\n<p><b>Company: <\/b><span style=\"font-weight: 400;\">BOSU SBS Hotel GmbH<\/span><\/p>\n<p><b>Brand: <\/b><span style=\"font-weight: 400;\">Forty + One Hotel<\/span><\/p>\n<p><b>Legal Form: <\/b><span style=\"font-weight: 400;\">Gesellschaft mit beschr\u00e4nkter Haftung (GmbH)<\/span><\/p>\n<p><b>Registered Office: <\/b><span style=\"font-weight: 400;\">Sch\u00f6nbrunner Stra\u00dfe 41, 1050 Wien, \u00d6sterreich<\/span><\/p>\n<p><b>Company Registration Number: <\/b><span style=\"font-weight: 400;\">FN 631693 k<\/span><\/p>\n<p><b>Commercial Court: <\/b><span style=\"font-weight: 400;\">Handelsgericht Wien<\/span><\/p>\n<p><b>Managing Director: <\/b><span style=\"font-weight: 400;\">Denys Sukhorebsky<\/span><\/p>\n<p><b>Operated by: <\/b><span style=\"font-weight: 400;\">Dwell Bell<\/span><\/p>\n<p><b>VAT Identification Number (UID): <\/b><span style=\"font-weight: 400;\">[ATUxxxxxxxx]<\/span><\/p>\n<p>\u00a0<\/p>\n<p><b><i>Note: <\/i><\/b><i><span style=\"font-weight: 400;\">Please fill in the UID number. Required by \u00a75 ECG.<\/span><\/i><\/p>\n<h1><b>2. Contact Information<\/b><\/h1>\n<p><b>E-Mail: <\/b><span style=\"font-weight: 400;\">info@fortyplusone.at<\/span><\/p>\n<p><b>Telefon: <\/b><span style=\"font-weight: 400;\">+43 1 424 00 34<\/span><\/p>\n<p><b>Alternative Phone: <\/b><span style=\"font-weight: 400;\">+43 676 4141 066<\/span><\/p>\n<p><b>Website: <\/b><span style=\"font-weight: 400;\">https:\/\/fortyplusone.at<\/span><\/p>\n<p><b>Reception Hours: <\/b><span style=\"font-weight: 400;\">07:00 \u2013 23:00 daily<\/span><\/p>\n<h1><b>3. Regulatory Information<\/b><\/h1>\n<p><b>Member of: <\/b><span style=\"font-weight: 400;\">Wirtschaftskammer \u00d6sterreich (WKO), Wiener Apartmentvermieter (WAW)<\/span><\/p>\n<p><b>Professional Law: <\/b><span style=\"font-weight: 400;\">Gewerbeordnung (GewO): www.ris.bka.gv.at<\/span><\/p>\n<p><b>Supervisory Authority: <\/b><span style=\"font-weight: 400;\">Magistrat der Stadt Wien<\/span><\/p>\n<p><b>Awarding State: <\/b><span style=\"font-weight: 400;\">Austria<\/span><\/p>\n<h1><b>4. Business Activity<\/b><\/h1>\n<p><span style=\"font-weight: 400;\">BOSU SBS Hotel GmbH, operating under the brand \u201cForty + One Hotel\u201d, provides hotel accommodation and related hospitality services in Vienna, Austria. The hotel is managed by Dwell Bell.<\/span><\/p>\n<h1><b>5. Liability for Website Content<\/b><\/h1>\n<p><span style=\"font-weight: 400;\">We constantly develop the content of this website and strive to provide correct and up-to-date information. However, we cannot assume liability for the accuracy, completeness, or timeliness of all content, especially content provided by third parties. If you notice any problematic or unlawful content, please contact us immediately.<\/span><\/p>\n<h1><b>6. Liability for Links<\/b><\/h1>\n<p><span style=\"font-weight: 400;\">Our website contains links to external websites for which we are not responsible. In accordance with \u00a717 ECG, we are not liable for linked websites, as we had no knowledge of illegal activities at the time of linking. If any illegal content is brought to our attention, we will remove the relevant links immediately.<\/span><\/p>\n<h1><b>7. Copyright<\/b><\/h1>\n<p><span style=\"font-weight: 400;\">All content on this website (images, photographs, text, videos, graphics, logos) is subject to copyright protection under Austrian and international copyright law. Any unauthorised use, reproduction, or distribution may result in legal action.<\/span><\/p>\n<h1><b>8. Online Dispute Resolution<\/b><\/h1>\n<p><span style=\"font-weight: 400;\">In accordance with the ODR Regulation, the European Commission\u2019s Online Dispute Resolution Platform is available at: https:\/\/ec.europa.eu\/odr<\/span><\/p>\n<p><span style=\"font-weight: 400;\">We are neither willing nor obliged to participate in dispute resolution proceedings before a consumer arbitration board.<\/span><\/p>\n<h1><b>9. Data Protection<\/b><\/h1>\n<p><span style=\"font-weight: 400;\">For information about how we handle your personal data, please see our Privacy Policy: https:\/\/fortyplusone.at\/privacy-policy\/<\/span><\/p>\n<h1><b>10. Further Legal Information<\/b><\/h1>\n<ul>\n<li style=\"font-weight: 400;\" aria-level=\"1\"><span style=\"font-weight: 400;\">Terms and Conditions: https:\/\/fortyplusone.at\/terms-conditions\/<\/span><\/li>\n<li style=\"font-weight: 400;\" aria-level=\"1\"><span style=\"font-weight: 400;\">Privacy Policy: https:\/\/fortyplusone.at\/privacy-policy\/<\/span><\/li>\n<\/ul>\n\t\t\t\t\t\t\t\t<\/div>\n\t\t\t\t<\/div>\n\t\t\t\t\t<\/div>\n\t\t\t\t<\/div>\n\t\t\t\t<\/div>","protected":false},"excerpt":{"rendered":"<p>IMPRESSUM Legal Notice pursuant to \u00a75 ECG, \u00a714 UGB, \u00a763 GewO and Disclosure Obligation pursuant to \u00a725 Media Act Last updated: February 2026 1. Company Information Company: BOSU SBS Hotel GmbH Brand: Forty + One Hotel Legal Form: Gesellschaft mit beschr\u00e4nkter Haftung (GmbH) Registered Office: Sch\u00f6nbrunner Stra\u00dfe 41, 1050 Vienna, Austria Company Registration Number: FN [&hellip;]<\/p>","protected":false},"author":1,"featured_media":0,"parent":0,"menu_order":0,"comment_status":"closed","ping_status":"open","template":"","meta":{"_acf_changed":false,"footnotes":""},"class_list":["post-473","page","type-page","status-publish","hentry"],"acf":[],"_links":{"self":[{"href":"https:\/\/fortyplusone.at\/de\/wp-json\/wp\/v2\/pages\/473","targetHints":{"allow":["GET"]}}],"collection":[{"href":"https:\/\/fortyplusone.at\/de\/wp-json\/wp\/v2\/pages"}],"about":[{"href":"https:\/\/fortyplusone.at\/de\/wp-json\/wp\/v2\/types\/page"}],"author":[{"embeddable":true,"href":"https:\/\/fortyplusone.at\/de\/wp-json\/wp\/v2\/users\/1"}],"replies":[{"embeddable":true,"href":"https:\/\/fortyplusone.at\/de\/wp-json\/wp\/v2\/comments?post=473"}],"version-history":[{"count":11,"href":"https:\/\/fortyplusone.at\/de\/wp-json\/wp\/v2\/pages\/473\/revisions"}],"predecessor-version":[{"id":1107,"href":"https:\/\/fortyplusone.at\/de\/wp-json\/wp\/v2\/pages\/473\/revisions\/1107"}],"wp:attachment":[{"href":"https:\/\/fortyplusone.at\/de\/wp-json\/wp\/v2\/media?parent=473"}],"curies":[{"name":"wp","href":"https:\/\/api.w.org\/{rel}","templated":true}]}}